{"id":92,"date":"2016-11-14T14:41:15","date_gmt":"2016-11-14T13:41:15","guid":{"rendered":"http:\/\/www.relaisgruppe-ruhr.de\/?page_id=92"},"modified":"2025-09-30T14:38:15","modified_gmt":"2025-09-30T12:38:15","slug":"willkommen","status":"publish","type":"page","link":"https:\/\/www.relaisgruppe-ruhr.de\/","title":{"rendered":"Willkommen!"},"content":{"rendered":"<p>Amateurfunk ist immer etwas, was viele gemeinsam tun, oft \u00fcber Grenzen hinweg. Das gilt sowie f\u00fcr geographische Grenzen als auch f\u00fcr kulturelle, sprachliche und soziale Unterschiede. Da ist es nur konsequent, dass wir als Relaisbetreiber hier im Ruhrgebiet gemeinsam agieren und uns auch gemeinsam pr\u00e4sentieren. So entstand diese Seite, auf der wir unsere Relais im f\u00fcnftgr\u00f6\u00dften Ballungsraum pr\u00e4sentieren und erkl\u00e4ren.<\/p>\n<p>Noch eine Bitte in eigener Sache: \u00a0Da wir unser Hobby in der meist knappen Freizeit aus\u00fcben, sind noch nicht alle Akteure dazu gekommen, ihre jeweiligen Seiten mit Inhalt zu f\u00fcllen. Wir bitten um Verst\u00e4ndnis.<\/p>\n<p><strong>NEWS:<\/strong><\/p>\n<ul>\n<li><strong><em>Bitte beachten : ab dem 15.09.2025 sind einige \u00c4nderungen am Standort DB0BS in Kraft getreten.<\/em><\/strong><\/li>\n<li><strong><em>Das DMR Relais l\u00e4uft jetzt auf 438.250 MHz -7.6 Shift mit CC1; Netz : BM+DMR-DL, C4FM, P25<\/em><\/strong><\/li>\n<li><strong><em>Das FM(n) Relais ist durch ein Eigenbau-Relais mit SVX-Steuerung ersetzt, 438.825 MHz, -7.6 Shift und CTCSS 67Hz.<br \/><\/em><\/strong><\/li>\n<\/ul>\n\n\n<p><\/p>\n ","protected":false},"excerpt":{"rendered":"<p>Amateurfunk ist immer etwas, was viele gemeinsam tun, oft \u00fcber Grenzen hinweg. Das gilt sowie f\u00fcr geographische Grenzen als auch f\u00fcr kulturelle, sprachliche und soziale Unterschiede. Da ist es nur konsequent, dass wir als Relaisbetreiber hier im Ruhrgebiet gemeinsam agieren und uns auch gemeinsam pr\u00e4sentieren. So entstand diese Seite, auf der wir unsere Relais im f\u00fcnftgr\u00f6\u00dften Ballungsraum pr\u00e4sentieren und erkl\u00e4ren.<\/p>\n","protected":false},"author":1,"featured_media":0,"parent":0,"menu_order":0,"comment_status":"closed","ping_status":"closed","template":"","meta":{"footnotes":""},"class_list":["post-92","page","type-page","status-publish","hentry"],"_links":{"self":[{"href":"https:\/\/www.relaisgruppe-ruhr.de\/index.php\/wp-json\/wp\/v2\/pages\/92","targetHints":{"allow":["GET"]}}],"collection":[{"href":"https:\/\/www.relaisgruppe-ruhr.de\/index.php\/wp-json\/wp\/v2\/pages"}],"about":[{"href":"https:\/\/www.relaisgruppe-ruhr.de\/index.php\/wp-json\/wp\/v2\/types\/page"}],"author":[{"embeddable":true,"href":"https:\/\/www.relaisgruppe-ruhr.de\/index.php\/wp-json\/wp\/v2\/users\/1"}],"replies":[{"embeddable":true,"href":"https:\/\/www.relaisgruppe-ruhr.de\/index.php\/wp-json\/wp\/v2\/comments?post=92"}],"version-history":[{"count":70,"href":"https:\/\/www.relaisgruppe-ruhr.de\/index.php\/wp-json\/wp\/v2\/pages\/92\/revisions"}],"predecessor-version":[{"id":1701,"href":"https:\/\/www.relaisgruppe-ruhr.de\/index.php\/wp-json\/wp\/v2\/pages\/92\/revisions\/1701"}],"wp:attachment":[{"href":"https:\/\/www.relaisgruppe-ruhr.de\/index.php\/wp-json\/wp\/v2\/media?parent=92"}],"curies":[{"name":"wp","href":"https:\/\/api.w.org\/{rel}","templated":true}]}}