{"id":744,"date":"2017-08-15T11:39:32","date_gmt":"2017-08-15T09:39:32","guid":{"rendered":"http:\/\/www.relaisgruppe-ruhr.de\/?page_id=744"},"modified":"2019-07-29T13:33:37","modified_gmt":"2019-07-29T11:33:37","slug":"db0mue-apco","status":"publish","type":"page","link":"https:\/\/www.relaisgruppe-ruhr.de\/index.php\/db0mue-apco\/","title":{"rendered":"DB0MUE APCO"},"content":{"rendered":"<p>DB0MUE APCO25 Relais M\u00fclheim<\/p>\n<p>Frequenz : 438,1875 MHz<\/p>\n<p>Ablage : &#8211; 7.6 MHz<\/p>\n<p>NAC : 293<\/p>\n<p>Netz : TG 10300 (Europa)<\/p>\n<p>F\u00fcr den Betrieb bitte das Funkger\u00e4t mit der pers. CCS7 Nummer programmieren.<\/p>\n<p><a href=\"https:\/\/p25-eu.n18.de\/\">https:\/\/p25-eu.n18.de\/<\/a><\/p>\n ","protected":false},"excerpt":{"rendered":"<p>DB0MUE APCO25 Relais M\u00fclheim Frequenz : 438,1875 MHz Ablage : &#8211; 7.6 MHz NAC : 293 Netz : TG 10300 (Europa) F\u00fcr den Betrieb bitte das Funkger\u00e4t mit der pers. CCS7 Nummer programmieren. https:\/\/p25-eu.n18.de\/<\/p>\n","protected":false},"author":3,"featured_media":0,"parent":0,"menu_order":0,"comment_status":"closed","ping_status":"closed","template":"","meta":{"footnotes":""},"class_list":["post-744","page","type-page","status-publish","hentry"],"_links":{"self":[{"href":"https:\/\/www.relaisgruppe-ruhr.de\/index.php\/wp-json\/wp\/v2\/pages\/744","targetHints":{"allow":["GET"]}}],"collection":[{"href":"https:\/\/www.relaisgruppe-ruhr.de\/index.php\/wp-json\/wp\/v2\/pages"}],"about":[{"href":"https:\/\/www.relaisgruppe-ruhr.de\/index.php\/wp-json\/wp\/v2\/types\/page"}],"author":[{"embeddable":true,"href":"https:\/\/www.relaisgruppe-ruhr.de\/index.php\/wp-json\/wp\/v2\/users\/3"}],"replies":[{"embeddable":true,"href":"https:\/\/www.relaisgruppe-ruhr.de\/index.php\/wp-json\/wp\/v2\/comments?post=744"}],"version-history":[{"count":4,"href":"https:\/\/www.relaisgruppe-ruhr.de\/index.php\/wp-json\/wp\/v2\/pages\/744\/revisions"}],"predecessor-version":[{"id":1136,"href":"https:\/\/www.relaisgruppe-ruhr.de\/index.php\/wp-json\/wp\/v2\/pages\/744\/revisions\/1136"}],"wp:attachment":[{"href":"https:\/\/www.relaisgruppe-ruhr.de\/index.php\/wp-json\/wp\/v2\/media?parent=744"}],"curies":[{"name":"wp","href":"https:\/\/api.w.org\/{rel}","templated":true}]}}