{"id":603,"date":"2017-06-26T10:02:16","date_gmt":"2017-06-26T08:02:16","guid":{"rendered":"http:\/\/www.relaisgruppe-ruhr.de\/?page_id=603"},"modified":"2019-09-27T13:00:48","modified_gmt":"2019-09-27T11:00:48","slug":"df0mhr-apco25","status":"publish","type":"page","link":"https:\/\/www.relaisgruppe-ruhr.de\/index.php\/df0mhr-apco25\/","title":{"rendered":"DF0MHR APCO25"},"content":{"rendered":"<p>APCO Relais M\u00fclheim-Hafen<\/p>\n<p>Frequenz : 439.800 MHz<\/p>\n<p>Ablage : -9,4 MHz<\/p>\n<p>verlinkt \u00fcber HF mit DB0DRE und DB0DBN (\u00d6lberg,Siebengebirge)<\/p>\n<p>Weitere Infos dazu auf der Homepage der IGFS e.V. \u00a0\u00a0 www.ig-funk-siebengebirge.de<\/p>\n<p><em><strong>WEGEN BLITZSCHLAG AN DIESEM STANDORT QRT !!<\/strong><\/em><\/p>\n ","protected":false},"excerpt":{"rendered":"<p>APCO Relais M\u00fclheim-Hafen Frequenz : 439.800 MHz Ablage : -9,4 MHz verlinkt \u00fcber HF mit DB0DRE und DB0DBN (\u00d6lberg,Siebengebirge) Weitere Infos dazu auf der Homepage der IGFS e.V. \u00a0\u00a0 www.ig-funk-siebengebirge.de WEGEN BLITZSCHLAG AN DIESEM STANDORT QRT !!<\/p>\n","protected":false},"author":3,"featured_media":0,"parent":0,"menu_order":0,"comment_status":"closed","ping_status":"closed","template":"","meta":{"footnotes":""},"class_list":["post-603","page","type-page","status-publish","hentry"],"_links":{"self":[{"href":"https:\/\/www.relaisgruppe-ruhr.de\/index.php\/wp-json\/wp\/v2\/pages\/603","targetHints":{"allow":["GET"]}}],"collection":[{"href":"https:\/\/www.relaisgruppe-ruhr.de\/index.php\/wp-json\/wp\/v2\/pages"}],"about":[{"href":"https:\/\/www.relaisgruppe-ruhr.de\/index.php\/wp-json\/wp\/v2\/types\/page"}],"author":[{"embeddable":true,"href":"https:\/\/www.relaisgruppe-ruhr.de\/index.php\/wp-json\/wp\/v2\/users\/3"}],"replies":[{"embeddable":true,"href":"https:\/\/www.relaisgruppe-ruhr.de\/index.php\/wp-json\/wp\/v2\/comments?post=603"}],"version-history":[{"count":4,"href":"https:\/\/www.relaisgruppe-ruhr.de\/index.php\/wp-json\/wp\/v2\/pages\/603\/revisions"}],"predecessor-version":[{"id":1163,"href":"https:\/\/www.relaisgruppe-ruhr.de\/index.php\/wp-json\/wp\/v2\/pages\/603\/revisions\/1163"}],"wp:attachment":[{"href":"https:\/\/www.relaisgruppe-ruhr.de\/index.php\/wp-json\/wp\/v2\/media?parent=603"}],"curies":[{"name":"wp","href":"https:\/\/api.w.org\/{rel}","templated":true}]}}