{"id":565,"date":"2017-06-12T11:01:12","date_gmt":"2017-06-12T09:01:12","guid":{"rendered":"http:\/\/www.relaisgruppe-ruhr.de\/?page_id=565"},"modified":"2024-05-16T08:29:38","modified_gmt":"2024-05-16T06:29:38","slug":"db0bs-d-star","status":"publish","type":"page","link":"https:\/\/www.relaisgruppe-ruhr.de\/index.php\/db0bs-d-star\/","title":{"rendered":"DB0BS D-STAR"},"content":{"rendered":"<ul>\n<li>2m D-Star Relais Bochum-Mitte DB0BS__C<\/li>\n<li>Frequenz 145,5875 MHz<\/li>\n<li>Ablage -0,6 MHz<\/li>\n<li>Netz DCS001C (Deutschlandreflektor) <strong><em><br \/><\/em><\/strong><\/li>\n<li>Das Relais kann auf alle g\u00e4ngigen Reflektorr\u00e4ume umgeschaltet werden,f\u00e4llt aber bei Inaktivit\u00e4t nach etwa 10 Minuten wieder auf den voreingestellten Raum (DCS001C) zur\u00fcck.Es l\u00e4sst sich auch manuell wieder auf den Standardreflektor zur\u00fcckschalten :<\/li>\n<li>1) per URCALL Kommando :\u00a0 DCS001CL<\/li>\n<li>2) per DTMF\u00a0 Kommando : D103 oder zweimal kurz ein Sternchen\u00a0 (Kurzwahl)<\/li>\n<\/ul>\n<ul>\n<li>70cm D-Star Relais Bochum-Mitte DB0BS__B<\/li>\n<li>Frequenz 439,450 MHz<\/li>\n<li>Ablage -7,6 MHz<\/li>\n<li>Netz XLX 456 C Open D-Star Reflector<\/li>\n<li>Das Relais kann genau wie das 2m Relais umgeschaltet werden.Die R\u00fcckfallzeit entspricht der des 2m Relais.<\/li>\n<li>Manuelles Kommando f\u00fcr den Standardreflektor :<\/li>\n<li>1) per URCALL Kommando : DCS456CL<\/li>\n<li>2) per DTMF Kommando : D45603\u00a0 oder zweimal kurz ein Sternchen\u00a0 (Kurzwahl)<\/li>\n<\/ul>\n<p><em><strong>Hinweis : Es empfiehlt sich,die aktuelle D-Star DL-Relaisliste aus dem Download Bereich des OV A23 Wertheim zu verwenden.In dieser Liste ist auch das 2m Relais DB0BS__C eingepflegt.<br \/><\/strong><\/em><\/p>\n<p>\u00a0<\/p>\n\n\n<p><\/p>\n ","protected":false},"excerpt":{"rendered":"<p>2m D-Star Relais Bochum-Mitte DB0BS__C Frequenz 145,5875 MHz Ablage -0,6 MHz Netz DCS001C (Deutschlandreflektor) Das Relais kann auf alle g\u00e4ngigen Reflektorr\u00e4ume umgeschaltet werden,f\u00e4llt aber bei Inaktivit\u00e4t nach etwa 10 Minuten wieder auf den voreingestellten Raum (DCS001C) zur\u00fcck.Es l\u00e4sst sich auch manuell wieder auf den Standardreflektor zur\u00fcckschalten : 1) per URCALL Kommando :\u00a0 DCS001CL 2) per DTMF\u00a0 Kommando : D103 oder<\/p>\n","protected":false},"author":3,"featured_media":0,"parent":0,"menu_order":0,"comment_status":"closed","ping_status":"closed","template":"","meta":{"footnotes":""},"class_list":["post-565","page","type-page","status-publish","hentry"],"_links":{"self":[{"href":"https:\/\/www.relaisgruppe-ruhr.de\/index.php\/wp-json\/wp\/v2\/pages\/565","targetHints":{"allow":["GET"]}}],"collection":[{"href":"https:\/\/www.relaisgruppe-ruhr.de\/index.php\/wp-json\/wp\/v2\/pages"}],"about":[{"href":"https:\/\/www.relaisgruppe-ruhr.de\/index.php\/wp-json\/wp\/v2\/types\/page"}],"author":[{"embeddable":true,"href":"https:\/\/www.relaisgruppe-ruhr.de\/index.php\/wp-json\/wp\/v2\/users\/3"}],"replies":[{"embeddable":true,"href":"https:\/\/www.relaisgruppe-ruhr.de\/index.php\/wp-json\/wp\/v2\/comments?post=565"}],"version-history":[{"count":10,"href":"https:\/\/www.relaisgruppe-ruhr.de\/index.php\/wp-json\/wp\/v2\/pages\/565\/revisions"}],"predecessor-version":[{"id":1627,"href":"https:\/\/www.relaisgruppe-ruhr.de\/index.php\/wp-json\/wp\/v2\/pages\/565\/revisions\/1627"}],"wp:attachment":[{"href":"https:\/\/www.relaisgruppe-ruhr.de\/index.php\/wp-json\/wp\/v2\/media?parent=565"}],"curies":[{"name":"wp","href":"https:\/\/api.w.org\/{rel}","templated":true}]}}