{"id":534,"date":"2017-06-07T13:41:52","date_gmt":"2017-06-07T11:41:52","guid":{"rendered":"http:\/\/www.relaisgruppe-ruhr.de\/?page_id=534"},"modified":"2017-06-13T22:00:25","modified_gmt":"2017-06-13T20:00:25","slug":"db0rec-aprs","status":"publish","type":"page","link":"https:\/\/www.relaisgruppe-ruhr.de\/index.php\/db0rec-aprs\/","title":{"rendered":"DB0REC APRS"},"content":{"rendered":"<ul>\n<li>APRS Digi Recklinghausen-Nord JO31OO<\/li>\n<li>Frequenz 144,800 MHz<\/li>\n<li>APRX<\/li>\n<li>zus\u00e4tzlicher Empf\u00e4nger f\u00fcr 10m<\/li>\n<li>anbindung an einen eigenen APRS-IS Server<\/li>\n<li>Dashboard unter : http:\/\/n18.de:14501\/<\/li>\n<\/ul>\n ","protected":false},"excerpt":{"rendered":"<p>APRS Digi Recklinghausen-Nord JO31OO Frequenz 144,800 MHz APRX zus\u00e4tzlicher Empf\u00e4nger f\u00fcr 10m anbindung an einen eigenen APRS-IS Server Dashboard unter : http:\/\/n18.de:14501\/<\/p>\n","protected":false},"author":3,"featured_media":0,"parent":0,"menu_order":0,"comment_status":"closed","ping_status":"closed","template":"","meta":{"footnotes":""},"class_list":["post-534","page","type-page","status-publish","hentry"],"_links":{"self":[{"href":"https:\/\/www.relaisgruppe-ruhr.de\/index.php\/wp-json\/wp\/v2\/pages\/534","targetHints":{"allow":["GET"]}}],"collection":[{"href":"https:\/\/www.relaisgruppe-ruhr.de\/index.php\/wp-json\/wp\/v2\/pages"}],"about":[{"href":"https:\/\/www.relaisgruppe-ruhr.de\/index.php\/wp-json\/wp\/v2\/types\/page"}],"author":[{"embeddable":true,"href":"https:\/\/www.relaisgruppe-ruhr.de\/index.php\/wp-json\/wp\/v2\/users\/3"}],"replies":[{"embeddable":true,"href":"https:\/\/www.relaisgruppe-ruhr.de\/index.php\/wp-json\/wp\/v2\/comments?post=534"}],"version-history":[{"count":4,"href":"https:\/\/www.relaisgruppe-ruhr.de\/index.php\/wp-json\/wp\/v2\/pages\/534\/revisions"}],"predecessor-version":[{"id":585,"href":"https:\/\/www.relaisgruppe-ruhr.de\/index.php\/wp-json\/wp\/v2\/pages\/534\/revisions\/585"}],"wp:attachment":[{"href":"https:\/\/www.relaisgruppe-ruhr.de\/index.php\/wp-json\/wp\/v2\/media?parent=534"}],"curies":[{"name":"wp","href":"https:\/\/api.w.org\/{rel}","templated":true}]}}