{"id":356,"date":"2016-11-14T23:35:13","date_gmt":"2016-11-14T22:35:13","guid":{"rendered":"http:\/\/www.relaisgruppe-ruhr.de\/?page_id=356"},"modified":"2020-11-25T12:30:04","modified_gmt":"2020-11-25T11:30:04","slug":"db0dde-apco-relais","status":"publish","type":"page","link":"https:\/\/www.relaisgruppe-ruhr.de\/index.php\/db0dde\/db0dde-apco-relais\/","title":{"rendered":"DB0DDE APCO Relais"},"content":{"rendered":"<p>DB0DDE APCO Relais<\/p>\n<p>Standort Essen-Ost<\/p>\n<p>Frequenz 439,4625 MHz<\/p>\n<p>Ablage -7,6 MHz<\/p>\n<p>verbunden mit TG 10300 (Europa)<\/p>\n<p>f\u00fcr den Betrieb bitte das Ger\u00e4t mit der pers. CCS7-ID programmieren<\/p>\n<p>Verbunden mit TG10320 (Germany) :<\/p>\n<p><a href=\"http:\/\/xlx-hc.ham-digital.org\/P25Reflector-Dashboard\/\"> http:\/\/xlx-hc.ham-digital.org\/P25Reflector-Dashboard\/<\/a><\/p>\n<p><strong><em>Hinweis : zur Zeit ist keine Hamnet Verbindung verf\u00fcgbar.Daher k\u00f6nnen vor\u00fcbergehend nur lokale QSO&#8217;s gef\u00fchrt werden.<\/em><\/strong><\/p>\n ","protected":false},"excerpt":{"rendered":"<p>DB0DDE APCO Relais Standort Essen-Ost Frequenz 439,4625 MHz Ablage -7,6 MHz verbunden mit TG 10300 (Europa) f\u00fcr den Betrieb bitte das Ger\u00e4t mit der pers. CCS7-ID programmieren Verbunden mit TG10320 (Germany) : http:\/\/xlx-hc.ham-digital.org\/P25Reflector-Dashboard\/ Hinweis : zur Zeit ist keine Hamnet Verbindung verf\u00fcgbar.Daher k\u00f6nnen vor\u00fcbergehend nur lokale QSO&#8217;s gef\u00fchrt werden.<\/p>\n","protected":false},"author":1,"featured_media":0,"parent":354,"menu_order":0,"comment_status":"closed","ping_status":"closed","template":"","meta":{"footnotes":""},"class_list":["post-356","page","type-page","status-publish","hentry"],"_links":{"self":[{"href":"https:\/\/www.relaisgruppe-ruhr.de\/index.php\/wp-json\/wp\/v2\/pages\/356","targetHints":{"allow":["GET"]}}],"collection":[{"href":"https:\/\/www.relaisgruppe-ruhr.de\/index.php\/wp-json\/wp\/v2\/pages"}],"about":[{"href":"https:\/\/www.relaisgruppe-ruhr.de\/index.php\/wp-json\/wp\/v2\/types\/page"}],"author":[{"embeddable":true,"href":"https:\/\/www.relaisgruppe-ruhr.de\/index.php\/wp-json\/wp\/v2\/users\/1"}],"replies":[{"embeddable":true,"href":"https:\/\/www.relaisgruppe-ruhr.de\/index.php\/wp-json\/wp\/v2\/comments?post=356"}],"version-history":[{"count":6,"href":"https:\/\/www.relaisgruppe-ruhr.de\/index.php\/wp-json\/wp\/v2\/pages\/356\/revisions"}],"predecessor-version":[{"id":1320,"href":"https:\/\/www.relaisgruppe-ruhr.de\/index.php\/wp-json\/wp\/v2\/pages\/356\/revisions\/1320"}],"up":[{"embeddable":true,"href":"https:\/\/www.relaisgruppe-ruhr.de\/index.php\/wp-json\/wp\/v2\/pages\/354"}],"wp:attachment":[{"href":"https:\/\/www.relaisgruppe-ruhr.de\/index.php\/wp-json\/wp\/v2\/media?parent=356"}],"curies":[{"name":"wp","href":"https:\/\/api.w.org\/{rel}","templated":true}]}}