{"id":1255,"date":"2020-03-29T18:37:25","date_gmt":"2020-03-29T16:37:25","guid":{"rendered":"http:\/\/www.relaisgruppe-ruhr.de\/?page_id=1255"},"modified":"2025-09-30T14:09:45","modified_gmt":"2025-09-30T12:09:45","slug":"db0bs-23cm-fm","status":"publish","type":"page","link":"https:\/\/www.relaisgruppe-ruhr.de\/index.php\/db0bs-23cm-fm\/","title":{"rendered":"DB0BS 23cm FM\/D-STAR Relais"},"content":{"rendered":"\n<p>Standort :Bochum-Mitte <\/p>\n\n\n\n<p>Frequenz : 1298.200 MHz <\/p>\n\n\n\n<p>Ablage : -28 MHz<\/p>\n\n\n\n<p>Das neue ICOM Relais kann sowohl in FM analog als auch in der Sendeart D-Star genutzt werden.<\/p>\n\n\n\n<p>F\u00fcr analogen Betrieb ist es notwendig einen 67 Hz CTCSS Ton mitzusenden und nat\u00fcrlich auch den 67 Hz Tonsquelch zu aktivieren damit die digitalen Aussendungen im FM Betrieb nicht geh\u00f6rt werden.<\/p>\n\n\n\n<p>Das Relais ist \u00fcber GPS frequenzstablilisiert und liegt somit sehr genau auf der Sollfrequenz.<\/p>\n\n\n\n<p>Im digitalen Modus ist der Reflektor DCS 456 S voreingestellt.Es besteht eine Verbindung mit DB0DBN auf dem \u00d6lberg im Siebengebirge.Weitere Informationen siehe auf der Homepage der IGFS.     <a href=\"https:\/\/ig-funk-siebengebirge.de\/\" data-type=\"URL\" data-id=\"https:\/\/ig-funk-siebengebirge.de\/\">https:\/\/ig-funk-siebengebirge.de\/<\/a><\/p>\n\n\n\n<p>Zur Zeit ist die SVX Verlinkung mit DB0NG (Marl) aus technischen Gr\u00fcnden nicht aktiv.<\/p>\n\n\n\n<p><\/p>\n\n\n\n<p><\/p>\n\n\n\n<p><\/p>\n\n\n\n<p><\/p>\n\n\n\n<p><\/p>\n ","protected":false},"excerpt":{"rendered":"<p>Standort :Bochum-Mitte Frequenz : 1298.200 MHz Ablage : -28 MHz Das neue ICOM Relais kann sowohl in FM analog als auch in der Sendeart D-Star genutzt werden. F\u00fcr analogen Betrieb ist es notwendig einen 67 Hz CTCSS Ton mitzusenden und nat\u00fcrlich auch den 67 Hz Tonsquelch zu aktivieren damit die digitalen Aussendungen im FM Betrieb nicht geh\u00f6rt werden. Das Relais<\/p>\n","protected":false},"author":8,"featured_media":0,"parent":0,"menu_order":0,"comment_status":"closed","ping_status":"closed","template":"","meta":{"footnotes":""},"class_list":["post-1255","page","type-page","status-publish","hentry"],"_links":{"self":[{"href":"https:\/\/www.relaisgruppe-ruhr.de\/index.php\/wp-json\/wp\/v2\/pages\/1255","targetHints":{"allow":["GET"]}}],"collection":[{"href":"https:\/\/www.relaisgruppe-ruhr.de\/index.php\/wp-json\/wp\/v2\/pages"}],"about":[{"href":"https:\/\/www.relaisgruppe-ruhr.de\/index.php\/wp-json\/wp\/v2\/types\/page"}],"author":[{"embeddable":true,"href":"https:\/\/www.relaisgruppe-ruhr.de\/index.php\/wp-json\/wp\/v2\/users\/8"}],"replies":[{"embeddable":true,"href":"https:\/\/www.relaisgruppe-ruhr.de\/index.php\/wp-json\/wp\/v2\/comments?post=1255"}],"version-history":[{"count":5,"href":"https:\/\/www.relaisgruppe-ruhr.de\/index.php\/wp-json\/wp\/v2\/pages\/1255\/revisions"}],"predecessor-version":[{"id":1669,"href":"https:\/\/www.relaisgruppe-ruhr.de\/index.php\/wp-json\/wp\/v2\/pages\/1255\/revisions\/1669"}],"wp:attachment":[{"href":"https:\/\/www.relaisgruppe-ruhr.de\/index.php\/wp-json\/wp\/v2\/media?parent=1255"}],"curies":[{"name":"wp","href":"https:\/\/api.w.org\/{rel}","templated":true}]}}