{"id":1084,"date":"2019-01-04T19:03:34","date_gmt":"2019-01-04T18:03:34","guid":{"rendered":"http:\/\/www.relaisgruppe-ruhr.de\/?page_id=1084"},"modified":"2019-08-18T16:17:11","modified_gmt":"2019-08-18T14:17:11","slug":"db0zv-dmr-relais","status":"publish","type":"page","link":"https:\/\/www.relaisgruppe-ruhr.de\/index.php\/db0zv-dmr-relais\/","title":{"rendered":"DB0ZV DMR Relais"},"content":{"rendered":"\n<p>Standort Fernuni Hagen , Universit\u00e4tsstra\u00dfe<\/p>\n\n\n\n<p>Locator JO31SJ<\/p>\n\n\n\n<p>Frequenz : 438,750 MHz mit -7,6 MHz Ablage CC1<\/p>\n\n\n\n<p>TS1 : TG88 standardm\u00e4\u00dfig voreingestellt f\u00fcr Cluster mit DB0END<\/p>\n\n\n\n<p>TS2 : Reflektor 4671<\/p>\n\n\n\n<p><\/p>\n ","protected":false},"excerpt":{"rendered":"<p>Standort Fernuni Hagen , Universit\u00e4tsstra\u00dfe Locator JO31SJ Frequenz : 438,750 MHz mit -7,6 MHz Ablage CC1 TS1 : TG88 standardm\u00e4\u00dfig voreingestellt f\u00fcr Cluster mit DB0END TS2 : Reflektor 4671<\/p>\n","protected":false},"author":8,"featured_media":0,"parent":0,"menu_order":0,"comment_status":"closed","ping_status":"closed","template":"","meta":{"footnotes":""},"class_list":["post-1084","page","type-page","status-publish","hentry"],"_links":{"self":[{"href":"https:\/\/www.relaisgruppe-ruhr.de\/index.php\/wp-json\/wp\/v2\/pages\/1084","targetHints":{"allow":["GET"]}}],"collection":[{"href":"https:\/\/www.relaisgruppe-ruhr.de\/index.php\/wp-json\/wp\/v2\/pages"}],"about":[{"href":"https:\/\/www.relaisgruppe-ruhr.de\/index.php\/wp-json\/wp\/v2\/types\/page"}],"author":[{"embeddable":true,"href":"https:\/\/www.relaisgruppe-ruhr.de\/index.php\/wp-json\/wp\/v2\/users\/8"}],"replies":[{"embeddable":true,"href":"https:\/\/www.relaisgruppe-ruhr.de\/index.php\/wp-json\/wp\/v2\/comments?post=1084"}],"version-history":[{"count":2,"href":"https:\/\/www.relaisgruppe-ruhr.de\/index.php\/wp-json\/wp\/v2\/pages\/1084\/revisions"}],"predecessor-version":[{"id":1150,"href":"https:\/\/www.relaisgruppe-ruhr.de\/index.php\/wp-json\/wp\/v2\/pages\/1084\/revisions\/1150"}],"wp:attachment":[{"href":"https:\/\/www.relaisgruppe-ruhr.de\/index.php\/wp-json\/wp\/v2\/media?parent=1084"}],"curies":[{"name":"wp","href":"https:\/\/api.w.org\/{rel}","templated":true}]}}